{"id":6,"date":"2025-08-05T19:59:55","date_gmt":"2025-08-05T19:59:55","guid":{"rendered":"https:\/\/mail-mir-was.de\/index.php\/membership-join\/membership-registration\/"},"modified":"2025-08-24T14:16:09","modified_gmt":"2025-08-24T14:16:09","slug":"membership-registration","status":"publish","type":"page","link":"https:\/\/mail-mir-was.de\/index.php\/membership-join\/membership-registration\/","title":{"rendered":"Registrierung"},"content":{"rendered":"<p>Sch\u00f6n, dass Du Dich anmelden m\u00f6chtest. Bitte f\u00fclle das Formular aus und dr\u00fccke auf &#8222;Registrieren&#8220;.<\/p>\n<p>Zur Vermeidung von Spam-Anmeldungen schalten wir Dich dann manuell frei. Das kann daher ein paar Stunde dauern, aber Du bekommst eine Nachricht, wenn Dein Account aktiviert ist.<\/p>\n<p>Bitte beachte: wir mussten ein Recaptcha einbinden, damit sich keine Bots registrieren k\u00f6nnen. Leider funktioniert das (noch) nicht ganz perfekt und es kann sein, dass es beim ersten Mal nicht funktioniert. Wenn also nach dem Dr\u00fccken auf den &#8222;Registrieren&#8220; Button keine Seite mit &#8222;Registrierung erfolgreich. Bitte <a href=\"https:\/\/mail-mir-was.de\/index.php\/membership-login\/\">Anmelden<\/a>&#8220; kommt, bitte nochmals versuchen&#8230;.<\/p>\n<div class=\"swpm-registration-widget-form\">\n    <form id=\"swpm-registration-form\" class=\"swpm-form\" name=\"swpm-registration-form\" method=\"post\" action=\"\">\n        <input type=\"hidden\" name=\"level_identifier\" value=\"eccbc87e4b5ce2fe28308fd9f2a7baf3\" \/>\n        <div class=\"swpm-registration-form-section\">\n            <div class=\"swpm-form-row swpm-username-row\" >\n                <div class=\"swpm-form-label-wrap swpm-form-username-label-wrap\">\n                    <label for=\"user_name\">Benutzername<\/label>\n                <\/div>\n                <div class=\"swpm-form-input-wrap swpm-form-username-input-wrap\">\n                    <input type=\"text\" id=\"user_name\" autocomplete=\"new-username\" class=\"swpm-form-field swpm-form-username\" value=\"\" name=\"user_name\"  \/>\n                <\/div>\n                <div class=\"swpm-form-desc\"><\/div>\n            <\/div>\n            <div class=\"swpm-form-row swpm-email-row\">\n                <div class=\"swpm-form-label-wrap swpm-form-email-label-wrap\">\n                    <label for=\"email\">E-Mail-Adresse<\/label>\n                <\/div>\n                <div class=\"swpm-form-input-wrap swpm-form-email-input-wrap\">\n                    <input type=\"text\" autocomplete=\"off\" id=\"email\" class=\"swpm-form-field swpm-form-email\" value=\"\" name=\"email\" \/>\n                <\/div>\n                <div class=\"swpm-form-desc\"><\/div>\n            <\/div>\n            <div class=\"swpm-form-row swpm-password-row\">\n                <div class=\"swpm-form-label-wrap swpm-form-password-label-wrap\">\n                    <label for=\"password\">Passwort<\/label>\n                <\/div>\n                <div class=\"swpm-form-input-wrap swpm-form-password-input-wrap\">\n                    <input type=\"password\" autocomplete=\"new-password\" id=\"password\" class=\"swpm-form-field swpm-form-password\" value=\"\" name=\"password\" \/>\n                <\/div>\n                <div class=\"swpm-form-desc\"><\/div>\n            <\/div>\n            <div class=\"swpm-form-row swpm-repass-row\">\n                <div class=\"swpm-form-label-wrap swpm-form-repass-label-wrap\">\n                    <label for=\"password_re\">Passwort wiederholen<\/label>\n                <\/div>\n                <div class=\"swpm-form-input-wrap swpm-form-repass-input-wrap\">\n                    <input type=\"password\" autocomplete=\"new-password\" id=\"password_re\" class=\"swpm-form-field swpm-form-repass\" value=\"\" name=\"password_re\" \/>\n                <\/div>\n                <div class=\"swpm-form-desc\"><\/div>\n            <\/div>\n            <div class=\"swpm-form-row swpm-firstname-row\" >\n                <div class=\"swpm-form-label-wrap swpm-form-firstname-label-wrap\">\n                    <label for=\"first_name\">Vorname<\/label>\n                <\/div>\n                <div class=\"swpm-form-input-wrap swpm-form-firstname-input-wrap\">\n                    <input type=\"text\" id=\"first_name\" class=\"swpm-form-field swpm-form-firstname\" value=\"\" name=\"first_name\" \/>\n                <\/div>\n                <div class=\"swpm-form-desc\"><\/div>\n            <\/div>\n            <div class=\"swpm-form-row swpm-lastname-row\" >\n                <div class=\"swpm-form-label-wrap swpm-form-lastname-label-wrap\">\n                    <label for=\"last_name\">Nachname<\/label>\n                <\/div>\n                <div class=\"swpm-form-input-wrap swpm-form-lastname-input-wrap\">\n                    <input type=\"text\" id=\"last_name\" class=\"swpm-form-field swpm-form-lastname\" value=\"\" name=\"last_name\" \/>\n                <\/div>\n                <div class=\"swpm-form-desc\"><\/div>\n            <\/div>\n            <div\n                class=\"swpm-form-row swpm-membership-level-row\"\n                                style=\"\"\n            >\n                <div class=\"swpm-form-label-wrap swpm-form-membership-level-label-wrap\">\n                    <label for=\"membership_level\">Mitgliedschaftsstufe<\/label>\n                <\/div>\n                <div class=\"swpm-form-membership-level-value\">\n                    FreundePaul<input type=\"hidden\" value=\"3\" size=\"50\" name=\"swpm_membership_level\" id=\"membership_level\" \/><input type=\"hidden\" name=\"swpm_level_hash\" value=\"4df6516411c74cb4300561d8e684e834\" \/>                <\/div>\n            <\/div>\n            \n                        <div class=\"swpm-before-registration-submit-section\" align=\"center\">        <script  src=\"https:\/\/www.google.com\/recaptcha\/api.js?render=6Lf_Ba0rAAAAAICI-hJGF1Zf12Hg0VySktCSMgJU&onload=onGoogleCaptchaV3ScriptLoaded\"><\/script>\n\n        <input type=\"hidden\" class=\"g-recaptcha-response\" name=\"g-recaptcha-response\" \/>\n\n        <script >\n            function onGoogleCaptchaV3ScriptLoaded (){\n                grecaptcha.ready(function() {\n                    const captchaResponseInput = document.querySelector(\".g-recaptcha-response\");\n                    grecaptcha.execute(\n                        \"6Lf_Ba0rAAAAAICI-hJGF1Zf12Hg0VySktCSMgJU\",\n                        {\n                            action: \"registration\"\n                        }\n                    )\n                    .then(function(token) {\n                        \/\/ Add your logic to submit to your backend server here.\n                        captchaResponseInput.value = token\n                        console.log(token) \/\/ Debug purpose only.\n                    });\n                });\n            }\n        <\/script>\n\n        <\/div>\n\n            <div class=\"swpm-form-row swpm-submit-section swpm-registration-submit-section\">\n                <button type=\"submit\" class=\"swpm-submit swpm-registration-submit-button swpm-submit-btn-default-style\">Registrieren<\/button>\n                <input type=\"hidden\" name=\"swpm_registration_submit\" value=\"Register\">\n            <\/div>\n        <\/div>\n\n        <input type=\"hidden\" name=\"action\" value=\"custom_posts\" \/>\n    <\/form>\n\n    <style>\n        .swpm-registration-submit-section{\n            text-align: center;\n        }\n        .swpm-form .swpm-form-row {\n            margin-bottom: 0.8rem;\n        }\n\n        .swpm-form .swpm-submit-section {\n            margin-top: 1rem;\n        }\n\n        .swpm-form .swpm-form-row.error .swpm-form-field {\n            border-color: #cc0000 !important;\n            outline-color: #cc0000 !important;\n        }\n\n        .swpm-form .swpm-form-row.error .swpm-form-desc {\n            color: #cc0000 !important;\n            font-size: smaller !important;\n        }\n\n        .swpm-form .swpm-form-row.error .swpm-form-desc>ul {\n            list-style: none !important;\n            padding: 0 !important;\n            margin: 4px 0 0 !important;\n        }\n    <\/style>\n<\/div>\n","protected":false},"excerpt":{"rendered":"<p>Sch\u00f6n, dass Du Dich anmelden m\u00f6chtest. Bitte f\u00fclle das Formular aus und dr\u00fccke auf &#8222;Registrieren&#8220;. Zur Vermeidung von Spam-Anmeldungen schalten [&hellip;]<\/p>\n","protected":false},"author":2,"featured_media":0,"parent":5,"menu_order":0,"comment_status":"closed","ping_status":"closed","template":"","meta":{"site-sidebar-layout":"default","site-content-layout":"","ast-site-content-layout":"default","site-content-style":"default","site-sidebar-style":"default","ast-global-header-display":"","ast-banner-title-visibility":"","ast-main-header-display":"","ast-hfb-above-header-display":"","ast-hfb-below-header-display":"","ast-hfb-mobile-header-display":"","site-post-title":"","ast-breadcrumbs-content":"","ast-featured-img":"","footer-sml-layout":"","ast-disable-related-posts":"","theme-transparent-header-meta":"","adv-header-id-meta":"","stick-header-meta":"","header-above-stick-meta":"","header-main-stick-meta":"","header-below-stick-meta":"","astra-migrate-meta-layouts":"default","ast-page-background-enabled":"default","ast-page-background-meta":{"desktop":{"background-color":"var(--ast-global-color-5)","background-image":"","background-repeat":"repeat","background-position":"center center","background-size":"auto","background-attachment":"scroll","background-type":"","background-media":"","overlay-type":"","overlay-color":"","overlay-opacity":"","overlay-gradient":""},"tablet":{"background-color":"","background-image":"","background-repeat":"repeat","background-position":"center center","background-size":"auto","background-attachment":"scroll","background-type":"","background-media":"","overlay-type":"","overlay-color":"","overlay-opacity":"","overlay-gradient":""},"mobile":{"background-color":"","background-image":"","background-repeat":"repeat","background-position":"center center","background-size":"auto","background-attachment":"scroll","background-type":"","background-media":"","overlay-type":"","overlay-color":"","overlay-opacity":"","overlay-gradient":""}},"ast-content-background-meta":{"desktop":{"background-color":"var(--ast-global-color-4)","background-image":"","background-repeat":"repeat","background-position":"center center","background-size":"auto","background-attachment":"scroll","background-type":"","background-media":"","overlay-type":"","overlay-color":"","overlay-opacity":"","overlay-gradient":""},"tablet":{"background-color":"var(--ast-global-color-4)","background-image":"","background-repeat":"repeat","background-position":"center center","background-size":"auto","background-attachment":"scroll","background-type":"","background-media":"","overlay-type":"","overlay-color":"","overlay-opacity":"","overlay-gradient":""},"mobile":{"background-color":"var(--ast-global-color-4)","background-image":"","background-repeat":"repeat","background-position":"center center","background-size":"auto","background-attachment":"scroll","background-type":"","background-media":"","overlay-type":"","overlay-color":"","overlay-opacity":"","overlay-gradient":""}},"footnotes":""},"class_list":["post-6","page","type-page","status-publish","hentry"],"_links":{"self":[{"href":"https:\/\/mail-mir-was.de\/index.php\/wp-json\/wp\/v2\/pages\/6","targetHints":{"allow":["GET"]}}],"collection":[{"href":"https:\/\/mail-mir-was.de\/index.php\/wp-json\/wp\/v2\/pages"}],"about":[{"href":"https:\/\/mail-mir-was.de\/index.php\/wp-json\/wp\/v2\/types\/page"}],"author":[{"embeddable":true,"href":"https:\/\/mail-mir-was.de\/index.php\/wp-json\/wp\/v2\/users\/2"}],"replies":[{"embeddable":true,"href":"https:\/\/mail-mir-was.de\/index.php\/wp-json\/wp\/v2\/comments?post=6"}],"version-history":[{"count":1,"href":"https:\/\/mail-mir-was.de\/index.php\/wp-json\/wp\/v2\/pages\/6\/revisions"}],"predecessor-version":[{"id":470,"href":"https:\/\/mail-mir-was.de\/index.php\/wp-json\/wp\/v2\/pages\/6\/revisions\/470"}],"up":[{"embeddable":true,"href":"https:\/\/mail-mir-was.de\/index.php\/wp-json\/wp\/v2\/pages\/5"}],"wp:attachment":[{"href":"https:\/\/mail-mir-was.de\/index.php\/wp-json\/wp\/v2\/media?parent=6"}],"curies":[{"name":"wp","href":"https:\/\/api.w.org\/{rel}","templated":true}]}}